{"id":165,"date":"2022-03-18T11:57:00","date_gmt":"2022-03-18T14:57:00","guid":{"rendered":"https:\/\/silvinoeducacional.com.br\/site\/?page_id=165"},"modified":"2022-03-22T21:02:59","modified_gmt":"2022-03-23T00:02:59","slug":"analise-do-comportamento-aplicado-ao-autismo-aba","status":"publish","type":"page","link":"https:\/\/silvinoeducacional.com.br\/site\/pos-graduacao\/analise-do-comportamento-aplicado-ao-autismo-aba\/","title":{"rendered":"An\u00e1lise do Comportamento Aplicado ao Autismo &#8211; ABA"},"content":{"rendered":"\n<h1>\n\t\tAn\u00e1lise do Comportamento Aplicado ao Autismo &#8211; ABA\n\t<\/h1>\n\t<p>Esse curso tende a ampliar a compreens\u00e3o de concep\u00e7\u00f5es e reflex\u00f5es sobre as respectivas implica\u00e7\u00f5es para o exerc\u00edcio das tarefas relacionadas aos acontecimentos cotidianos acerca da An\u00e1lise do Comportamento Aplicada ao Autismo (ABA).<\/p>\n<p>Permitir desenvolver habilidades b\u00e1sicas para o reconhecimento do quadro cl\u00ednico e indica\u00e7\u00e3o das modalidades de tratamentos existentes, al\u00e9m de auxiliar no planejamento e execu\u00e7\u00e3o de\u00a0atividades emergentes da An\u00e1lise do Comportamento Aplicada ao Autismo (ABA).<\/p>\n\t\t\t<a href=\"https:\/\/silvinoeducacional.com.br\/site\/inscreva-se\/\" target=\"_self\" role=\"button\" rel=\"noopener\">\n\t\t\t\t\t\t\tInscreva-se\n\t\t\t\t\t<\/a>\n\t\t\t\t<img loading=\"lazy\" decoding=\"async\" src=\"https:\/\/silvinoeducacional.com.br\/site\/wp-content\/uploads\/2022\/03\/awareness-ribbon-for-autism-and-aspergers-scaled.jpg\" alt=\"Awareness ribbon for autism and aspergers on white jigsaw background\" itemprop=\"image\" height=\"2560\" width=\"1707\" title=\"Awareness ribbon for autism and aspergers on white jigsaw background\" onerror=\"this.style.display='none'\"  \/>\n<h1>\n\t\tInforma\u00e7\u00f5es adicionais\n\t<\/h1>\n\t\t\t\t<img loading=\"lazy\" decoding=\"async\" src=\"https:\/\/silvinoeducacional.com.br\/site\/wp-content\/uploads\/2022\/03\/pessoa_v3.png\" alt=\"pessoa_v3\" itemprop=\"image\" height=\"2500\" width=\"2122\" title=\"pessoa_v3\" onerror=\"this.style.display='none'\"  \/>\n\t\t\t\t<img loading=\"lazy\" decoding=\"async\" src=\"https:\/\/silvinoeducacional.com.br\/site\/wp-content\/uploads\/2022\/03\/logo_novo-300x300.png\" alt=\"logo_novo\" itemprop=\"image\" height=\"300\" width=\"300\" title=\"logo_novo\" onerror=\"this.style.display='none'\"  \/>\n\t<h6>Alavanque sua carreira!<\/h6>\n<h6>Venha para SILVINO EDUCACIONAL<\/h6>\n\n","protected":false},"excerpt":{"rendered":"<p>An\u00e1lise do Comportamento Aplicado ao Autismo &#8211; ABA Esse curso tende a ampliar a compreens\u00e3o de concep\u00e7\u00f5es e reflex\u00f5es sobre as respectivas implica\u00e7\u00f5es para o exerc\u00edcio das tarefas relacionadas aos acontecimentos cotidianos acerca da An\u00e1lise do Comportamento Aplicada ao Autismo (ABA). Permitir desenvolver habilidades b\u00e1sicas para o reconhecimento do quadro [&hellip;]<\/p>\n","protected":false},"author":1,"featured_media":0,"parent":18,"menu_order":0,"comment_status":"closed","ping_status":"closed","template":"page-templates\/template-pagebuilder-full-width.php","meta":{"_monsterinsights_skip_tracking":false,"_monsterinsights_sitenote_active":false,"_monsterinsights_sitenote_note":"","_monsterinsights_sitenote_category":0,"spay_email":"","footnotes":""},"class_list":["post-165","page","type-page","status-publish","hentry"],"_links":{"self":[{"href":"https:\/\/silvinoeducacional.com.br\/site\/wp-json\/wp\/v2\/pages\/165","targetHints":{"allow":["GET"]}}],"collection":[{"href":"https:\/\/silvinoeducacional.com.br\/site\/wp-json\/wp\/v2\/pages"}],"about":[{"href":"https:\/\/silvinoeducacional.com.br\/site\/wp-json\/wp\/v2\/types\/page"}],"author":[{"embeddable":true,"href":"https:\/\/silvinoeducacional.com.br\/site\/wp-json\/wp\/v2\/users\/1"}],"replies":[{"embeddable":true,"href":"https:\/\/silvinoeducacional.com.br\/site\/wp-json\/wp\/v2\/comments?post=165"}],"version-history":[{"count":3,"href":"https:\/\/silvinoeducacional.com.br\/site\/wp-json\/wp\/v2\/pages\/165\/revisions"}],"predecessor-version":[{"id":243,"href":"https:\/\/silvinoeducacional.com.br\/site\/wp-json\/wp\/v2\/pages\/165\/revisions\/243"}],"up":[{"embeddable":true,"href":"https:\/\/silvinoeducacional.com.br\/site\/wp-json\/wp\/v2\/pages\/18"}],"wp:attachment":[{"href":"https:\/\/silvinoeducacional.com.br\/site\/wp-json\/wp\/v2\/media?parent=165"}],"curies":[{"name":"wp","href":"https:\/\/api.w.org\/{rel}","templated":true}]}}