{"id":173,"date":"2022-03-18T12:02:19","date_gmt":"2022-03-18T15:02:19","guid":{"rendered":"https:\/\/silvinoeducacional.com.br\/site\/?page_id=173"},"modified":"2022-03-22T23:16:16","modified_gmt":"2022-03-23T02:16:16","slug":"terapia-cognitiva-comportamental","status":"publish","type":"page","link":"https:\/\/silvinoeducacional.com.br\/site\/pos-graduacao\/terapia-cognitiva-comportamental\/","title":{"rendered":"Terapia Cognitiva Comportamental"},"content":{"rendered":"\n<h1>\n\t\tTerapia Cognitiva Comportamental\n\t<\/h1>\n\t<p>O curso destina-se aos profissionais de n\u00edvel superior que queiram abranger os aspectos te\u00f3ricos e as aplica\u00e7\u00f5es pr\u00e1ticas, assim formando profissionais cr\u00edticos e reflexivos. Os nossos alunos s\u00e3o preparados para desenvolver a\u00e7\u00f5es de preven\u00e7\u00e3o, promo\u00e7\u00e3o, prote\u00e7\u00e3o e reabilita\u00e7\u00e3o da sa\u00fade psicol\u00f3gica e psicossocial.<\/p>\n\t\t\t<a href=\"https:\/\/silvinoeducacional.com.br\/site\/inscreva-se\/\" target=\"_self\" role=\"button\" rel=\"noopener\">\n\t\t\t\t\t\t\tInscreva-se\n\t\t\t\t\t<\/a>\n\t\t\t\t<img loading=\"lazy\" decoding=\"async\" src=\"https:\/\/silvinoeducacional.com.br\/site\/wp-content\/uploads\/2022\/03\/woman-doing-an-occupational-therapy-session-with-a-psychologist-scaled.jpg\" alt=\"woman-doing-an-occupational-therapy-session-with-a-psychologist\" itemprop=\"image\" height=\"2560\" width=\"1707\" title=\"woman-doing-an-occupational-therapy-session-with-a-psychologist\" onerror=\"this.style.display='none'\"  \/>\n<h1>\n\t\tInforma\u00e7\u00f5es adicionais\n\t<\/h1>\n\t\t\t\t<img loading=\"lazy\" decoding=\"async\" src=\"https:\/\/silvinoeducacional.com.br\/site\/wp-content\/uploads\/2022\/03\/pessoa_v3.png\" alt=\"pessoa_v3\" itemprop=\"image\" height=\"2500\" width=\"2122\" title=\"pessoa_v3\" onerror=\"this.style.display='none'\"  \/>\n\t\t\t\t<img loading=\"lazy\" decoding=\"async\" src=\"https:\/\/silvinoeducacional.com.br\/site\/wp-content\/uploads\/2022\/03\/logo_novo-300x300.png\" alt=\"logo_novo\" itemprop=\"image\" height=\"300\" width=\"300\" title=\"logo_novo\" onerror=\"this.style.display='none'\"  \/>\n\t<h6>Alavanque sua carreira!<\/h6>\n<h6>Venha para SILVINO EDUCACIONAL<\/h6>\n\n","protected":false},"excerpt":{"rendered":"<p>Terapia Cognitiva Comportamental O curso destina-se aos profissionais de n\u00edvel superior que queiram abranger os aspectos te\u00f3ricos e as aplica\u00e7\u00f5es pr\u00e1ticas, assim formando profissionais cr\u00edticos e reflexivos. Os nossos alunos s\u00e3o preparados para desenvolver a\u00e7\u00f5es de preven\u00e7\u00e3o, promo\u00e7\u00e3o, prote\u00e7\u00e3o e reabilita\u00e7\u00e3o da sa\u00fade psicol\u00f3gica e psicossocial. Inscreva-se Informa\u00e7\u00f5es adicionais Alavanque [&hellip;]<\/p>\n","protected":false},"author":1,"featured_media":0,"parent":18,"menu_order":0,"comment_status":"closed","ping_status":"closed","template":"page-templates\/template-pagebuilder-full-width.php","meta":{"_monsterinsights_skip_tracking":false,"_monsterinsights_sitenote_active":false,"_monsterinsights_sitenote_note":"","_monsterinsights_sitenote_category":0,"spay_email":"","footnotes":""},"class_list":["post-173","page","type-page","status-publish","hentry"],"_links":{"self":[{"href":"https:\/\/silvinoeducacional.com.br\/site\/wp-json\/wp\/v2\/pages\/173","targetHints":{"allow":["GET"]}}],"collection":[{"href":"https:\/\/silvinoeducacional.com.br\/site\/wp-json\/wp\/v2\/pages"}],"about":[{"href":"https:\/\/silvinoeducacional.com.br\/site\/wp-json\/wp\/v2\/types\/page"}],"author":[{"embeddable":true,"href":"https:\/\/silvinoeducacional.com.br\/site\/wp-json\/wp\/v2\/users\/1"}],"replies":[{"embeddable":true,"href":"https:\/\/silvinoeducacional.com.br\/site\/wp-json\/wp\/v2\/comments?post=173"}],"version-history":[{"count":2,"href":"https:\/\/silvinoeducacional.com.br\/site\/wp-json\/wp\/v2\/pages\/173\/revisions"}],"predecessor-version":[{"id":256,"href":"https:\/\/silvinoeducacional.com.br\/site\/wp-json\/wp\/v2\/pages\/173\/revisions\/256"}],"up":[{"embeddable":true,"href":"https:\/\/silvinoeducacional.com.br\/site\/wp-json\/wp\/v2\/pages\/18"}],"wp:attachment":[{"href":"https:\/\/silvinoeducacional.com.br\/site\/wp-json\/wp\/v2\/media?parent=173"}],"curies":[{"name":"wp","href":"https:\/\/api.w.org\/{rel}","templated":true}]}}