{"id":20,"date":"2022-03-11T17:15:45","date_gmt":"2022-03-11T20:15:45","guid":{"rendered":"https:\/\/silvinoeducacional.com.br\/site\/?page_id=20"},"modified":"2022-03-22T17:41:58","modified_gmt":"2022-03-22T20:41:58","slug":"atendimento-educacional-especializado","status":"publish","type":"page","link":"https:\/\/silvinoeducacional.com.br\/site\/pos-graduacao\/atendimento-educacional-especializado\/","title":{"rendered":"Atendimento Educacional Especializado"},"content":{"rendered":"\n<h1>\n\t\tAtendimento Educacional Especializado\n\t<\/h1>\n\t<p>O curso destina-se aos profissionais de n\u00edvel superior nas diversas \u00e1reas do conhecimento e profissionais graduados que atuam ou desejam atuar no segmento da educa\u00e7\u00e3o superior em institui\u00e7\u00f5es p\u00fablicas e privadas.<\/p>\n\t\t\t<a href=\"https:\/\/silvinoeducacional.com.br\/site\/inscreva-se\/\" target=\"_self\" role=\"button\" rel=\"noopener\">\n\t\t\t\t\t\t\tInscreva-se\n\t\t\t\t\t<\/a>\n\t\t\t\t<img loading=\"lazy\" decoding=\"async\" src=\"https:\/\/silvinoeducacional.com.br\/site\/wp-content\/uploads\/2022\/03\/atendimento_educacional.png\" alt=\"atendimento_educacional\" itemprop=\"image\" height=\"2500\" width=\"2758\" title=\"atendimento_educacional\" onerror=\"this.style.display='none'\">\n<h1>\n\t\tInforma\u00e7\u00f5es adicionais\n\t<\/h1>\n\t\t\t\t<img loading=\"lazy\" decoding=\"async\" src=\"https:\/\/silvinoeducacional.com.br\/site\/wp-content\/uploads\/2022\/03\/pessoa_v3.png\" alt=\"pessoa_v3\" itemprop=\"image\" height=\"2500\" width=\"2122\" title=\"pessoa_v3\" onerror=\"this.style.display='none'\">\n\t\t\t\t<img loading=\"lazy\" decoding=\"async\" src=\"https:\/\/silvinoeducacional.com.br\/site\/wp-content\/uploads\/2022\/03\/logo_novo-300x300.png\" alt=\"logo_novo\" itemprop=\"image\" height=\"300\" width=\"300\" title=\"logo_novo\" onerror=\"this.style.display='none'\">\n\t<h6>Alavanque sua carreira!<\/h6>\n<h6>Venha para SILVINO EDUCACIONAL<\/h6>\n","protected":false},"excerpt":{"rendered":"<p>Atendimento Educacional Especializado O curso destina-se aos profissionais de n\u00edvel superior nas diversas \u00e1reas do conhecimento e profissionais graduados que atuam ou desejam atuar no segmento da educa\u00e7\u00e3o superior em institui\u00e7\u00f5es p\u00fablicas e privadas. Inscreva-se Informa\u00e7\u00f5es adicionais Alavanque sua carreira! Venha para SILVINO EDUCACIONAL<\/p>\n","protected":false},"author":1,"featured_media":0,"parent":18,"menu_order":0,"comment_status":"closed","ping_status":"closed","template":"page-templates\/template-pagebuilder-full-width.php","meta":{"_monsterinsights_skip_tracking":false,"_monsterinsights_sitenote_active":false,"_monsterinsights_sitenote_note":"","_monsterinsights_sitenote_category":0,"spay_email":"","footnotes":""},"class_list":["post-20","page","type-page","status-publish","hentry"],"_links":{"self":[{"href":"https:\/\/silvinoeducacional.com.br\/site\/wp-json\/wp\/v2\/pages\/20","targetHints":{"allow":["GET"]}}],"collection":[{"href":"https:\/\/silvinoeducacional.com.br\/site\/wp-json\/wp\/v2\/pages"}],"about":[{"href":"https:\/\/silvinoeducacional.com.br\/site\/wp-json\/wp\/v2\/types\/page"}],"author":[{"embeddable":true,"href":"https:\/\/silvinoeducacional.com.br\/site\/wp-json\/wp\/v2\/users\/1"}],"replies":[{"embeddable":true,"href":"https:\/\/silvinoeducacional.com.br\/site\/wp-json\/wp\/v2\/comments?post=20"}],"version-history":[{"count":17,"href":"https:\/\/silvinoeducacional.com.br\/site\/wp-json\/wp\/v2\/pages\/20\/revisions"}],"predecessor-version":[{"id":233,"href":"https:\/\/silvinoeducacional.com.br\/site\/wp-json\/wp\/v2\/pages\/20\/revisions\/233"}],"up":[{"embeddable":true,"href":"https:\/\/silvinoeducacional.com.br\/site\/wp-json\/wp\/v2\/pages\/18"}],"wp:attachment":[{"href":"https:\/\/silvinoeducacional.com.br\/site\/wp-json\/wp\/v2\/media?parent=20"}],"curies":[{"name":"wp","href":"https:\/\/api.w.org\/{rel}","templated":true}]}}