{"id":22,"date":"2022-03-11T17:16:59","date_gmt":"2022-03-11T20:16:59","guid":{"rendered":"https:\/\/silvinoeducacional.com.br\/site\/?page_id=22"},"modified":"2022-03-22T17:42:15","modified_gmt":"2022-03-22T20:42:15","slug":"educacao-especial-e-inclusiva","status":"publish","type":"page","link":"https:\/\/silvinoeducacional.com.br\/site\/pos-graduacao\/educacao-especial-e-inclusiva\/","title":{"rendered":"Educa\u00e7\u00e3o Especial e Inclusiva"},"content":{"rendered":"\n<h1>\n\t\tEduca\u00e7\u00e3o Especial e Inclusiva\n\t<\/h1>\n\t<p>O curso de Educa\u00e7\u00e3o Especial e Inclusiva objetiva preparar profissionais para atuarem na escolariza\u00e7\u00e3o dos alunos com necessidades educacionais especiais, principalmente, nos contextos comuns de ensino.<\/p>\n<p>A p\u00f3s-gradua\u00e7\u00e3o \u00e9 destinada a pedagogos, psic\u00f3logos, fonoaudi\u00f3logos, fisioterapeutas, terapeutas ocupacionais e outros profissionais com interesse na \u00e1rea da educa\u00e7\u00e3o especial, tanto no atendimento de alunos com necessidades educacionais especiais, como na gest\u00e3o de institui\u00e7\u00f5es e de servi\u00e7os especializados.<\/p>\n\t\t\t<a href=\"https:\/\/silvinoeducacional.com.br\/site\/inscreva-se\/\" target=\"_self\" role=\"button\" rel=\"noopener\">\n\t\t\t\t\t\t\tInscreva-se\n\t\t\t\t\t<\/a>\n\t\t\t\t<img loading=\"lazy\" decoding=\"async\" src=\"https:\/\/silvinoeducacional.com.br\/site\/wp-content\/uploads\/2022\/03\/atendimento_educacional.png\" alt=\"atendimento_educacional\" itemprop=\"image\" height=\"2500\" width=\"2758\" title=\"atendimento_educacional\" onerror=\"this.style.display='none'\"  \/>\n<h1>\n\t\tInforma\u00e7\u00f5es adicionais\n\t<\/h1>\n\t\t\t\t<img loading=\"lazy\" decoding=\"async\" src=\"https:\/\/silvinoeducacional.com.br\/site\/wp-content\/uploads\/2022\/03\/pessoa_v3.png\" alt=\"pessoa_v3\" itemprop=\"image\" height=\"2500\" width=\"2122\" title=\"pessoa_v3\" onerror=\"this.style.display='none'\"  \/>\n\t\t\t\t<img loading=\"lazy\" decoding=\"async\" src=\"https:\/\/silvinoeducacional.com.br\/site\/wp-content\/uploads\/2022\/03\/logo_novo-300x300.png\" alt=\"logo_novo\" itemprop=\"image\" height=\"300\" width=\"300\" title=\"logo_novo\" onerror=\"this.style.display='none'\"  \/>\n\t<h6>Alavanque sua carreira!<\/h6>\n<h6>Venha para SILVINO EDUCACIONAL<\/h6>\n\n","protected":false},"excerpt":{"rendered":"<p>Educa\u00e7\u00e3o Especial e Inclusiva O curso de Educa\u00e7\u00e3o Especial e Inclusiva objetiva preparar profissionais para atuarem na escolariza\u00e7\u00e3o dos alunos com necessidades educacionais especiais, principalmente, nos contextos comuns de ensino. A p\u00f3s-gradua\u00e7\u00e3o \u00e9 destinada a pedagogos, psic\u00f3logos, fonoaudi\u00f3logos, fisioterapeutas, terapeutas ocupacionais e outros profissionais com interesse na \u00e1rea da educa\u00e7\u00e3o [&hellip;]<\/p>\n","protected":false},"author":1,"featured_media":0,"parent":18,"menu_order":0,"comment_status":"closed","ping_status":"closed","template":"page-templates\/template-pagebuilder-full-width.php","meta":{"_monsterinsights_skip_tracking":false,"_monsterinsights_sitenote_active":false,"_monsterinsights_sitenote_note":"","_monsterinsights_sitenote_category":0,"spay_email":"","footnotes":""},"class_list":["post-22","page","type-page","status-publish","hentry"],"_links":{"self":[{"href":"https:\/\/silvinoeducacional.com.br\/site\/wp-json\/wp\/v2\/pages\/22","targetHints":{"allow":["GET"]}}],"collection":[{"href":"https:\/\/silvinoeducacional.com.br\/site\/wp-json\/wp\/v2\/pages"}],"about":[{"href":"https:\/\/silvinoeducacional.com.br\/site\/wp-json\/wp\/v2\/types\/page"}],"author":[{"embeddable":true,"href":"https:\/\/silvinoeducacional.com.br\/site\/wp-json\/wp\/v2\/users\/1"}],"replies":[{"embeddable":true,"href":"https:\/\/silvinoeducacional.com.br\/site\/wp-json\/wp\/v2\/comments?post=22"}],"version-history":[{"count":4,"href":"https:\/\/silvinoeducacional.com.br\/site\/wp-json\/wp\/v2\/pages\/22\/revisions"}],"predecessor-version":[{"id":240,"href":"https:\/\/silvinoeducacional.com.br\/site\/wp-json\/wp\/v2\/pages\/22\/revisions\/240"}],"up":[{"embeddable":true,"href":"https:\/\/silvinoeducacional.com.br\/site\/wp-json\/wp\/v2\/pages\/18"}],"wp:attachment":[{"href":"https:\/\/silvinoeducacional.com.br\/site\/wp-json\/wp\/v2\/media?parent=22"}],"curies":[{"name":"wp","href":"https:\/\/api.w.org\/{rel}","templated":true}]}}