{"id":24,"date":"2022-03-11T17:17:32","date_gmt":"2022-03-11T20:17:32","guid":{"rendered":"https:\/\/silvinoeducacional.com.br\/site\/?page_id=24"},"modified":"2022-03-22T17:42:07","modified_gmt":"2022-03-22T20:42:07","slug":"docencia-do-ensino-superior","status":"publish","type":"page","link":"https:\/\/silvinoeducacional.com.br\/site\/pos-graduacao\/docencia-do-ensino-superior\/","title":{"rendered":"Doc\u00eancia do Ensino Superior"},"content":{"rendered":"\n<h1>\n\t\tDoc\u00eancia do Ensino Superior\n\t<\/h1>\n\t<p>O curso de P\u00f3s-Gradua\u00e7\u00e3o em Doc\u00eancia do Ensino Superior prepara profissionais de diversas \u00e1reas do conhecimento para o exerc\u00edcio da doc\u00eancia na educa\u00e7\u00e3o superior atrav\u00e9s da instrumentaliza\u00e7\u00e3o dos docentes com metodologias, pr\u00e1ticas, recursos did\u00e1ticos e pedag\u00f3gicos atualizados; al\u00e9m da forma\u00e7\u00e3o por meio do conhecimento da estrutura e do funcionamento da educa\u00e7\u00e3o superior no Brasil, a fim de que possam detectar seus impasses e perspectivas.<\/p>\n<p>O curso destina-se aos profissionais de n\u00edvel superior nas diversas \u00e1reas do conhecimento e profissionais graduados que atuam ou desejam atuar no segmento da educa\u00e7\u00e3o superior em institui\u00e7\u00f5es p\u00fablicas e privadas.<\/p>\n\t\t\t<a href=\"https:\/\/silvinoeducacional.com.br\/site\/inscreva-se\/\" target=\"_self\" role=\"button\" rel=\"noopener\">\n\t\t\t\t\t\t\tInscreva-se\n\t\t\t\t\t<\/a>\n\t\t\t\t<img loading=\"lazy\" decoding=\"async\" src=\"https:\/\/silvinoeducacional.com.br\/site\/wp-content\/uploads\/2022\/03\/concentrated-teacher-drawing-on-board-and-explaining-lesson-to-pupils-scaled.jpg\" alt=\"Concentrated teacher drawing on board and explaining lesson to pupils. Unrecognizable students sitting at table in classroom and listening tutor. School, study and education concept\" itemprop=\"image\" height=\"2560\" width=\"1707\" title=\"Concentrated teacher drawing on board and explaining lesson\" onerror=\"this.style.display='none'\"  \/>\n<h1>\n\t\tInforma\u00e7\u00f5es adicionais\n\t<\/h1>\n\t\t\t\t<img loading=\"lazy\" decoding=\"async\" src=\"https:\/\/silvinoeducacional.com.br\/site\/wp-content\/uploads\/2022\/03\/pessoa_v3.png\" alt=\"pessoa_v3\" itemprop=\"image\" height=\"2500\" width=\"2122\" title=\"pessoa_v3\" onerror=\"this.style.display='none'\"  \/>\n\t\t\t\t<img loading=\"lazy\" decoding=\"async\" src=\"https:\/\/silvinoeducacional.com.br\/site\/wp-content\/uploads\/2022\/03\/logo_novo-300x300.png\" alt=\"logo_novo\" itemprop=\"image\" height=\"300\" width=\"300\" title=\"logo_novo\" onerror=\"this.style.display='none'\"  \/>\n\t<h6>Alavanque sua carreira!<\/h6>\n<h6>Venha para SILVINO EDUCACIONAL<\/h6>\n\n","protected":false},"excerpt":{"rendered":"<p>Doc\u00eancia do Ensino Superior O curso de P\u00f3s-Gradua\u00e7\u00e3o em Doc\u00eancia do Ensino Superior prepara profissionais de diversas \u00e1reas do conhecimento para o exerc\u00edcio da doc\u00eancia na educa\u00e7\u00e3o superior atrav\u00e9s da instrumentaliza\u00e7\u00e3o dos docentes com metodologias, pr\u00e1ticas, recursos did\u00e1ticos e pedag\u00f3gicos atualizados; al\u00e9m da forma\u00e7\u00e3o por meio do conhecimento da estrutura [&hellip;]<\/p>\n","protected":false},"author":1,"featured_media":0,"parent":18,"menu_order":0,"comment_status":"closed","ping_status":"closed","template":"page-templates\/template-pagebuilder-full-width.php","meta":{"_monsterinsights_skip_tracking":false,"_monsterinsights_sitenote_active":false,"_monsterinsights_sitenote_note":"","_monsterinsights_sitenote_category":0,"spay_email":"","footnotes":""},"class_list":["post-24","page","type-page","status-publish","hentry"],"_links":{"self":[{"href":"https:\/\/silvinoeducacional.com.br\/site\/wp-json\/wp\/v2\/pages\/24","targetHints":{"allow":["GET"]}}],"collection":[{"href":"https:\/\/silvinoeducacional.com.br\/site\/wp-json\/wp\/v2\/pages"}],"about":[{"href":"https:\/\/silvinoeducacional.com.br\/site\/wp-json\/wp\/v2\/types\/page"}],"author":[{"embeddable":true,"href":"https:\/\/silvinoeducacional.com.br\/site\/wp-json\/wp\/v2\/users\/1"}],"replies":[{"embeddable":true,"href":"https:\/\/silvinoeducacional.com.br\/site\/wp-json\/wp\/v2\/comments?post=24"}],"version-history":[{"count":6,"href":"https:\/\/silvinoeducacional.com.br\/site\/wp-json\/wp\/v2\/pages\/24\/revisions"}],"predecessor-version":[{"id":237,"href":"https:\/\/silvinoeducacional.com.br\/site\/wp-json\/wp\/v2\/pages\/24\/revisions\/237"}],"up":[{"embeddable":true,"href":"https:\/\/silvinoeducacional.com.br\/site\/wp-json\/wp\/v2\/pages\/18"}],"wp:attachment":[{"href":"https:\/\/silvinoeducacional.com.br\/site\/wp-json\/wp\/v2\/media?parent=24"}],"curies":[{"name":"wp","href":"https:\/\/api.w.org\/{rel}","templated":true}]}}