{"id":26,"date":"2022-03-11T17:18:01","date_gmt":"2022-03-11T20:18:01","guid":{"rendered":"https:\/\/silvinoeducacional.com.br\/site\/?page_id=26"},"modified":"2022-03-22T21:29:45","modified_gmt":"2022-03-23T00:29:45","slug":"libras","status":"publish","type":"page","link":"https:\/\/silvinoeducacional.com.br\/site\/pos-graduacao\/libras\/","title":{"rendered":"Libras &#8211; Tradu\u00e7\u00e3o e Interpreta\u00e7\u00e3o"},"content":{"rendered":"\n<h1>\n\t\tLibras &#8211; Tradu\u00e7\u00e3o e Interpreta\u00e7\u00e3o\n\t<\/h1>\n\t<p>O objetivo do curso \u00e9 refinar o olhar do educador especialista em surdez nas tem\u00e1ticas atuais e abrir espa\u00e7o para que saiba interpretar e ensinar atrav\u00e9s da comunica\u00e7\u00e3o em libras, tornando assim seu meio muito mais rico em termos de comunica\u00e7\u00e3o dentro de qualquer ambiente.<\/p>\n<p>A p\u00f3s-gradua\u00e7\u00e3o em Libras destina-se a educadores, assistentes sociais e demais cargos que incorporam a comunica\u00e7\u00e3o em seu dia a dia, que devem buscar meios para quebrar barreiras da comunica\u00e7\u00e3o e passar seu conhecimento de formas alternativas.<\/p>\n\t\t\t<a href=\"https:\/\/silvinoeducacional.com.br\/site\/inscreva-se\/\" target=\"_self\" role=\"button\" rel=\"noopener\">\n\t\t\t\t\t\t\tInscreva-se\n\t\t\t\t\t<\/a>\n\t\t\t\t<img loading=\"lazy\" decoding=\"async\" src=\"https:\/\/silvinoeducacional.com.br\/site\/wp-content\/uploads\/2022\/03\/collection-of-hand-gestures-scaled.jpg\" alt=\"collection-of-hand-gestures\" itemprop=\"image\" height=\"2560\" width=\"1843\" title=\"collection-of-hand-gestures\" onerror=\"this.style.display='none'\"  \/>\n<h1>\n\t\tInforma\u00e7\u00f5es adicionais\n\t<\/h1>\n\t\t\t\t<img loading=\"lazy\" decoding=\"async\" src=\"https:\/\/silvinoeducacional.com.br\/site\/wp-content\/uploads\/2022\/03\/pessoa_v3.png\" alt=\"pessoa_v3\" itemprop=\"image\" height=\"2500\" width=\"2122\" title=\"pessoa_v3\" onerror=\"this.style.display='none'\"  \/>\n\t\t\t\t<img loading=\"lazy\" decoding=\"async\" src=\"https:\/\/silvinoeducacional.com.br\/site\/wp-content\/uploads\/2022\/03\/logo_novo-300x300.png\" alt=\"logo_novo\" itemprop=\"image\" height=\"300\" width=\"300\" title=\"logo_novo\" onerror=\"this.style.display='none'\"  \/>\n\t<h6>Alavanque sua carreira!<\/h6>\n<h6>Venha para SILVINO EDUCACIONAL<\/h6>\n\n","protected":false},"excerpt":{"rendered":"<p>Libras &#8211; Tradu\u00e7\u00e3o e Interpreta\u00e7\u00e3o O objetivo do curso \u00e9 refinar o olhar do educador especialista em surdez nas tem\u00e1ticas atuais e abrir espa\u00e7o para que saiba interpretar e ensinar atrav\u00e9s da comunica\u00e7\u00e3o em libras, tornando assim seu meio muito mais rico em termos de comunica\u00e7\u00e3o dentro de qualquer ambiente. [&hellip;]<\/p>\n","protected":false},"author":1,"featured_media":0,"parent":18,"menu_order":0,"comment_status":"closed","ping_status":"closed","template":"page-templates\/template-pagebuilder-full-width.php","meta":{"_monsterinsights_skip_tracking":false,"_monsterinsights_sitenote_active":false,"_monsterinsights_sitenote_note":"","_monsterinsights_sitenote_category":0,"spay_email":"","footnotes":""},"class_list":["post-26","page","type-page","status-publish","hentry"],"_links":{"self":[{"href":"https:\/\/silvinoeducacional.com.br\/site\/wp-json\/wp\/v2\/pages\/26","targetHints":{"allow":["GET"]}}],"collection":[{"href":"https:\/\/silvinoeducacional.com.br\/site\/wp-json\/wp\/v2\/pages"}],"about":[{"href":"https:\/\/silvinoeducacional.com.br\/site\/wp-json\/wp\/v2\/types\/page"}],"author":[{"embeddable":true,"href":"https:\/\/silvinoeducacional.com.br\/site\/wp-json\/wp\/v2\/users\/1"}],"replies":[{"embeddable":true,"href":"https:\/\/silvinoeducacional.com.br\/site\/wp-json\/wp\/v2\/comments?post=26"}],"version-history":[{"count":3,"href":"https:\/\/silvinoeducacional.com.br\/site\/wp-json\/wp\/v2\/pages\/26\/revisions"}],"predecessor-version":[{"id":247,"href":"https:\/\/silvinoeducacional.com.br\/site\/wp-json\/wp\/v2\/pages\/26\/revisions\/247"}],"up":[{"embeddable":true,"href":"https:\/\/silvinoeducacional.com.br\/site\/wp-json\/wp\/v2\/pages\/18"}],"wp:attachment":[{"href":"https:\/\/silvinoeducacional.com.br\/site\/wp-json\/wp\/v2\/media?parent=26"}],"curies":[{"name":"wp","href":"https:\/\/api.w.org\/{rel}","templated":true}]}}