{"id":28,"date":"2022-03-11T17:18:32","date_gmt":"2022-03-11T20:18:32","guid":{"rendered":"https:\/\/silvinoeducacional.com.br\/site\/?page_id=28"},"modified":"2022-03-22T21:31:43","modified_gmt":"2022-03-23T00:31:43","slug":"lingua-portuguesa-e-literatura","status":"publish","type":"page","link":"https:\/\/silvinoeducacional.com.br\/site\/pos-graduacao\/lingua-portuguesa-e-literatura\/","title":{"rendered":"L\u00edngua Portuguesa e Literatura"},"content":{"rendered":"\n<h1>\n\t\tL\u00edngua Portuguesa e Literatura\n\t<\/h1>\n\t<p>O curso\u00a0 de L\u00edngua Portuguesa e Literatura, visa, prioritariamente, otimizar o desempenho docente em sala de aula atrav\u00e9s de um conjunto de conte\u00fados, metodologias e m\u00e9todos de ensino, al\u00e9m do aprofundamento de conhecimentos espec\u00edficos da l\u00edngua por portuguesa e da literatura.<\/p>\n<p>A p\u00f3s-gradua\u00e7\u00e3o \u00e9 destinada a educadores das redes p\u00fablica e privada, graduados nas v\u00e1rias \u00e1reas do conhecimento, profissionais da educa\u00e7\u00e3o que trabalham ou pretendem trabalhar no Magist\u00e9rio Superior e demais pessoas interessadas no processo educativo.<\/p>\n\t\t\t<a href=\"https:\/\/silvinoeducacional.com.br\/site\/inscreva-se\/\" target=\"_self\" role=\"button\" rel=\"noopener\">\n\t\t\t\t\t\t\tInscreva-se\n\t\t\t\t\t<\/a>\n\t\t\t\t<img loading=\"lazy\" decoding=\"async\" src=\"https:\/\/silvinoeducacional.com.br\/site\/wp-content\/uploads\/2022\/03\/atendimento_educacional.png\" alt=\"atendimento_educacional\" itemprop=\"image\" height=\"2500\" width=\"2758\" title=\"atendimento_educacional\" onerror=\"this.style.display='none'\"  \/>\n<h1>\n\t\tInforma\u00e7\u00f5es adicionais\n\t<\/h1>\n\t\t\t\t<img loading=\"lazy\" decoding=\"async\" src=\"https:\/\/silvinoeducacional.com.br\/site\/wp-content\/uploads\/2022\/03\/pessoa_v3.png\" alt=\"pessoa_v3\" itemprop=\"image\" height=\"2500\" width=\"2122\" title=\"pessoa_v3\" onerror=\"this.style.display='none'\"  \/>\n\t\t\t\t<img loading=\"lazy\" decoding=\"async\" src=\"https:\/\/silvinoeducacional.com.br\/site\/wp-content\/uploads\/2022\/03\/logo_novo-300x300.png\" alt=\"logo_novo\" itemprop=\"image\" height=\"300\" width=\"300\" title=\"logo_novo\" onerror=\"this.style.display='none'\"  \/>\n\t<h6>Alavanque sua carreira!<\/h6>\n<h6>Venha para SILVINO EDUCACIONAL<\/h6>\n\n","protected":false},"excerpt":{"rendered":"<p>L\u00edngua Portuguesa e Literatura O curso\u00a0 de L\u00edngua Portuguesa e Literatura, visa, prioritariamente, otimizar o desempenho docente em sala de aula atrav\u00e9s de um conjunto de conte\u00fados, metodologias e m\u00e9todos de ensino, al\u00e9m do aprofundamento de conhecimentos espec\u00edficos da l\u00edngua por portuguesa e da literatura. A p\u00f3s-gradua\u00e7\u00e3o \u00e9 destinada a [&hellip;]<\/p>\n","protected":false},"author":1,"featured_media":0,"parent":18,"menu_order":0,"comment_status":"closed","ping_status":"closed","template":"page-templates\/template-pagebuilder-full-width.php","meta":{"_monsterinsights_skip_tracking":false,"_monsterinsights_sitenote_active":false,"_monsterinsights_sitenote_note":"","_monsterinsights_sitenote_category":0,"spay_email":"","footnotes":""},"class_list":["post-28","page","type-page","status-publish","hentry"],"_links":{"self":[{"href":"https:\/\/silvinoeducacional.com.br\/site\/wp-json\/wp\/v2\/pages\/28","targetHints":{"allow":["GET"]}}],"collection":[{"href":"https:\/\/silvinoeducacional.com.br\/site\/wp-json\/wp\/v2\/pages"}],"about":[{"href":"https:\/\/silvinoeducacional.com.br\/site\/wp-json\/wp\/v2\/types\/page"}],"author":[{"embeddable":true,"href":"https:\/\/silvinoeducacional.com.br\/site\/wp-json\/wp\/v2\/users\/1"}],"replies":[{"embeddable":true,"href":"https:\/\/silvinoeducacional.com.br\/site\/wp-json\/wp\/v2\/comments?post=28"}],"version-history":[{"count":2,"href":"https:\/\/silvinoeducacional.com.br\/site\/wp-json\/wp\/v2\/pages\/28\/revisions"}],"predecessor-version":[{"id":248,"href":"https:\/\/silvinoeducacional.com.br\/site\/wp-json\/wp\/v2\/pages\/28\/revisions\/248"}],"up":[{"embeddable":true,"href":"https:\/\/silvinoeducacional.com.br\/site\/wp-json\/wp\/v2\/pages\/18"}],"wp:attachment":[{"href":"https:\/\/silvinoeducacional.com.br\/site\/wp-json\/wp\/v2\/media?parent=28"}],"curies":[{"name":"wp","href":"https:\/\/api.w.org\/{rel}","templated":true}]}}