{"id":30,"date":"2022-03-11T17:19:06","date_gmt":"2022-03-11T20:19:06","guid":{"rendered":"https:\/\/silvinoeducacional.com.br\/site\/?page_id=30"},"modified":"2022-03-22T21:47:26","modified_gmt":"2022-03-23T00:47:26","slug":"supervisao-e-gestao-escolar","status":"publish","type":"page","link":"https:\/\/silvinoeducacional.com.br\/site\/pos-graduacao\/supervisao-e-gestao-escolar\/","title":{"rendered":"Supervis\u00e3o e Gest\u00e3o Escolar"},"content":{"rendered":"\n<h1>\n\t\tSupervis\u00e3o e Gest\u00e3o Escolar\n\t<\/h1>\n\t<p>Os profissionais que optarem por essa p\u00f3s-gradua\u00e7\u00e3o ter\u00e3o conhecimento sobre a Legisla\u00e7\u00e3o Educacional e sobre a Gest\u00e3o da Escola segundo v\u00e1rias perspectivas e aspectos, que apresentam um papel importante no processo educativo, principalmente nos cargos de orienta\u00e7\u00e3o e supervis\u00e3o.<\/p>\n<p>O curso de Supervis\u00e3o e Gest\u00e3o Escolar se destina aos profissionais\u00a0com gradua\u00e7\u00e3o em pedagogia, psicologia e \u00e1reas afins.<\/p>\n\t\t\t<a href=\"https:\/\/silvinoeducacional.com.br\/site\/inscreva-se\/\" target=\"_self\" role=\"button\" rel=\"noopener\">\n\t\t\t\t\t\t\tInscreva-se\n\t\t\t\t\t<\/a>\n\t\t\t\t<img loading=\"lazy\" decoding=\"async\" src=\"https:\/\/silvinoeducacional.com.br\/site\/wp-content\/uploads\/2022\/03\/atendimento_educacional.png\" alt=\"atendimento_educacional\" itemprop=\"image\" height=\"2500\" width=\"2758\" title=\"atendimento_educacional\" onerror=\"this.style.display='none'\"  \/>\n<h1>\n\t\tInforma\u00e7\u00f5es adicionais\n\t<\/h1>\n\t\t\t\t<img loading=\"lazy\" decoding=\"async\" src=\"https:\/\/silvinoeducacional.com.br\/site\/wp-content\/uploads\/2022\/03\/pessoa_v3.png\" alt=\"pessoa_v3\" itemprop=\"image\" height=\"2500\" width=\"2122\" title=\"pessoa_v3\" onerror=\"this.style.display='none'\"  \/>\n\t\t\t\t<img loading=\"lazy\" decoding=\"async\" src=\"https:\/\/silvinoeducacional.com.br\/site\/wp-content\/uploads\/2022\/03\/logo_novo-300x300.png\" alt=\"logo_novo\" itemprop=\"image\" height=\"300\" width=\"300\" title=\"logo_novo\" onerror=\"this.style.display='none'\"  \/>\n\t<h6>Alavanque sua carreira!<\/h6>\n<h6>Venha para SILVINO EDUCACIONAL<\/h6>\n\n","protected":false},"excerpt":{"rendered":"<p>Supervis\u00e3o e Gest\u00e3o Escolar Os profissionais que optarem por essa p\u00f3s-gradua\u00e7\u00e3o ter\u00e3o conhecimento sobre a Legisla\u00e7\u00e3o Educacional e sobre a Gest\u00e3o da Escola segundo v\u00e1rias perspectivas e aspectos, que apresentam um papel importante no processo educativo, principalmente nos cargos de orienta\u00e7\u00e3o e supervis\u00e3o. O curso de Supervis\u00e3o e Gest\u00e3o Escolar [&hellip;]<\/p>\n","protected":false},"author":1,"featured_media":0,"parent":18,"menu_order":0,"comment_status":"closed","ping_status":"closed","template":"page-templates\/template-pagebuilder-full-width.php","meta":{"_monsterinsights_skip_tracking":false,"_monsterinsights_sitenote_active":false,"_monsterinsights_sitenote_note":"","_monsterinsights_sitenote_category":0,"spay_email":"","footnotes":""},"class_list":["post-30","page","type-page","status-publish","hentry"],"_links":{"self":[{"href":"https:\/\/silvinoeducacional.com.br\/site\/wp-json\/wp\/v2\/pages\/30","targetHints":{"allow":["GET"]}}],"collection":[{"href":"https:\/\/silvinoeducacional.com.br\/site\/wp-json\/wp\/v2\/pages"}],"about":[{"href":"https:\/\/silvinoeducacional.com.br\/site\/wp-json\/wp\/v2\/types\/page"}],"author":[{"embeddable":true,"href":"https:\/\/silvinoeducacional.com.br\/site\/wp-json\/wp\/v2\/users\/1"}],"replies":[{"embeddable":true,"href":"https:\/\/silvinoeducacional.com.br\/site\/wp-json\/wp\/v2\/comments?post=30"}],"version-history":[{"count":2,"href":"https:\/\/silvinoeducacional.com.br\/site\/wp-json\/wp\/v2\/pages\/30\/revisions"}],"predecessor-version":[{"id":251,"href":"https:\/\/silvinoeducacional.com.br\/site\/wp-json\/wp\/v2\/pages\/30\/revisions\/251"}],"up":[{"embeddable":true,"href":"https:\/\/silvinoeducacional.com.br\/site\/wp-json\/wp\/v2\/pages\/18"}],"wp:attachment":[{"href":"https:\/\/silvinoeducacional.com.br\/site\/wp-json\/wp\/v2\/media?parent=30"}],"curies":[{"name":"wp","href":"https:\/\/api.w.org\/{rel}","templated":true}]}}