{"id":32,"date":"2022-03-11T17:19:32","date_gmt":"2022-03-11T20:19:32","guid":{"rendered":"https:\/\/silvinoeducacional.com.br\/site\/?page_id=32"},"modified":"2022-03-22T21:35:45","modified_gmt":"2022-03-23T00:35:45","slug":"neuropsicopedagogia","status":"publish","type":"page","link":"https:\/\/silvinoeducacional.com.br\/site\/pos-graduacao\/neuropsicopedagogia\/","title":{"rendered":"Neuropsicopedagogia"},"content":{"rendered":"\n<h1>\n\t\tNeuropsicopedagogia\n\t<\/h1>\n\tO especialista em Neuropsicopedagogia \u00e9 um profissional que atuar\u00e1 em diferentes contextos sociais, buscando compreender o processo cognitivo do sujeito desde os primeiros anos de vida, seus impasses e as implica\u00e7\u00f5es na aprendizagem.<br \/>\nEste curso de p\u00f3s-gradua\u00e7\u00e3o destina-se a profissionais graduados em Pedagogia, Psicologia, Fonoaudiologia e Licenciaturas. Tamb\u00e9m se destina a psicopedagogos e profissionais que t\u00eam interesse em ampliar os seus conhecimentos sobre as dificuldades de aprendizagem a partir do estudo das neuroci\u00eancias.\n\t\t\t<a href=\"https:\/\/silvinoeducacional.com.br\/site\/inscreva-se\/\" target=\"_self\" role=\"button\" rel=\"noopener\">\n\t\t\t\t\t\t\tInscreva-se\n\t\t\t\t\t<\/a>\n\t\t\t\t<img loading=\"lazy\" decoding=\"async\" src=\"https:\/\/silvinoeducacional.com.br\/site\/wp-content\/uploads\/2022\/03\/atendimento_educacional.png\" alt=\"atendimento_educacional\" itemprop=\"image\" height=\"2500\" width=\"2758\" title=\"atendimento_educacional\" onerror=\"this.style.display='none'\"  \/>\n<h1>\n\t\tInforma\u00e7\u00f5es adicionais\n\t<\/h1>\n\t\t\t\t<img loading=\"lazy\" decoding=\"async\" src=\"https:\/\/silvinoeducacional.com.br\/site\/wp-content\/uploads\/2022\/03\/pessoa_v3.png\" alt=\"pessoa_v3\" itemprop=\"image\" height=\"2500\" width=\"2122\" title=\"pessoa_v3\" onerror=\"this.style.display='none'\"  \/>\n\t\t\t\t<img loading=\"lazy\" decoding=\"async\" src=\"https:\/\/silvinoeducacional.com.br\/site\/wp-content\/uploads\/2022\/03\/logo_novo-300x300.png\" alt=\"logo_novo\" itemprop=\"image\" height=\"300\" width=\"300\" title=\"logo_novo\" onerror=\"this.style.display='none'\"  \/>\n\t<h6>Alavanque sua carreira!<\/h6>\n<h6>Venha para SILVINO EDUCACIONAL<\/h6>\n\n","protected":false},"excerpt":{"rendered":"<p>Neuropsicopedagogia O especialista em Neuropsicopedagogia \u00e9 um profissional que atuar\u00e1 em diferentes contextos sociais, buscando compreender o processo cognitivo do sujeito desde os primeiros anos de vida, seus impasses e as implica\u00e7\u00f5es na aprendizagem. Este curso de p\u00f3s-gradua\u00e7\u00e3o destina-se a profissionais graduados em Pedagogia, Psicologia, Fonoaudiologia e Licenciaturas. Tamb\u00e9m se [&hellip;]<\/p>\n","protected":false},"author":1,"featured_media":0,"parent":18,"menu_order":0,"comment_status":"closed","ping_status":"closed","template":"page-templates\/template-pagebuilder-full-width.php","meta":{"_monsterinsights_skip_tracking":false,"_monsterinsights_sitenote_active":false,"_monsterinsights_sitenote_note":"","_monsterinsights_sitenote_category":0,"spay_email":"","footnotes":""},"class_list":["post-32","page","type-page","status-publish","hentry"],"_links":{"self":[{"href":"https:\/\/silvinoeducacional.com.br\/site\/wp-json\/wp\/v2\/pages\/32","targetHints":{"allow":["GET"]}}],"collection":[{"href":"https:\/\/silvinoeducacional.com.br\/site\/wp-json\/wp\/v2\/pages"}],"about":[{"href":"https:\/\/silvinoeducacional.com.br\/site\/wp-json\/wp\/v2\/types\/page"}],"author":[{"embeddable":true,"href":"https:\/\/silvinoeducacional.com.br\/site\/wp-json\/wp\/v2\/users\/1"}],"replies":[{"embeddable":true,"href":"https:\/\/silvinoeducacional.com.br\/site\/wp-json\/wp\/v2\/comments?post=32"}],"version-history":[{"count":2,"href":"https:\/\/silvinoeducacional.com.br\/site\/wp-json\/wp\/v2\/pages\/32\/revisions"}],"predecessor-version":[{"id":249,"href":"https:\/\/silvinoeducacional.com.br\/site\/wp-json\/wp\/v2\/pages\/32\/revisions\/249"}],"up":[{"embeddable":true,"href":"https:\/\/silvinoeducacional.com.br\/site\/wp-json\/wp\/v2\/pages\/18"}],"wp:attachment":[{"href":"https:\/\/silvinoeducacional.com.br\/site\/wp-json\/wp\/v2\/media?parent=32"}],"curies":[{"name":"wp","href":"https:\/\/api.w.org\/{rel}","templated":true}]}}