{"id":36,"date":"2022-03-11T17:20:39","date_gmt":"2022-03-11T20:20:39","guid":{"rendered":"https:\/\/silvinoeducacional.com.br\/site\/?page_id=36"},"modified":"2022-03-22T23:15:26","modified_gmt":"2022-03-23T02:15:26","slug":"psicopedagogia","status":"publish","type":"page","link":"https:\/\/silvinoeducacional.com.br\/site\/pos-graduacao\/psicopedagogia\/","title":{"rendered":"Psicopedagogia"},"content":{"rendered":"\n<h1>\n\t\tPsicopedagogia\n\t<\/h1>\n\t<p>O profissional da \u00e1rea de Psicopedagogia, o psicopedagogo, tem por objeto de estudo o ser humano e seus processos de aprendizagem. \u00c9 um profissional atento \u00e0 forma como o estudante aprende, diagnosticando e intervindo \u00a0nas dificuldades de aprendizagem.<\/p>\n<p>O curso \u00e9 dirigido a profissionais graduados em Pedagogia e Psicologia.<\/p>\n\t\t\t<a href=\"https:\/\/silvinoeducacional.com.br\/site\/inscreva-se\/\" target=\"_self\" role=\"button\" rel=\"noopener\">\n\t\t\t\t\t\t\tInscreva-se\n\t\t\t\t\t<\/a>\n\t\t\t\t<img loading=\"lazy\" decoding=\"async\" src=\"https:\/\/silvinoeducacional.com.br\/site\/wp-content\/uploads\/2022\/03\/atendimento_educacional.png\" alt=\"atendimento_educacional\" itemprop=\"image\" height=\"2500\" width=\"2758\" title=\"atendimento_educacional\" onerror=\"this.style.display='none'\"  \/>\n<h1>\n\t\tInforma\u00e7\u00f5es adicionais\n\t<\/h1>\n\t\t\t\t<img loading=\"lazy\" decoding=\"async\" src=\"https:\/\/silvinoeducacional.com.br\/site\/wp-content\/uploads\/2022\/03\/pessoa_v3.png\" alt=\"pessoa_v3\" itemprop=\"image\" height=\"2500\" width=\"2122\" title=\"pessoa_v3\" onerror=\"this.style.display='none'\"  \/>\n\t\t\t\t<img loading=\"lazy\" decoding=\"async\" src=\"https:\/\/silvinoeducacional.com.br\/site\/wp-content\/uploads\/2022\/03\/logo_novo-300x300.png\" alt=\"logo_novo\" itemprop=\"image\" height=\"300\" width=\"300\" title=\"logo_novo\" onerror=\"this.style.display='none'\"  \/>\n\t<h6>Alavanque sua carreira!<\/h6>\n<h6>Venha para SILVINO EDUCACIONAL<\/h6>\n\n","protected":false},"excerpt":{"rendered":"<p>Psicopedagogia O profissional da \u00e1rea de Psicopedagogia, o psicopedagogo, tem por objeto de estudo o ser humano e seus processos de aprendizagem. \u00c9 um profissional atento \u00e0 forma como o estudante aprende, diagnosticando e intervindo \u00a0nas dificuldades de aprendizagem. O curso \u00e9 dirigido a profissionais graduados em Pedagogia e Psicologia. [&hellip;]<\/p>\n","protected":false},"author":1,"featured_media":0,"parent":18,"menu_order":0,"comment_status":"closed","ping_status":"closed","template":"page-templates\/template-pagebuilder-full-width.php","meta":{"_monsterinsights_skip_tracking":false,"_monsterinsights_sitenote_active":false,"_monsterinsights_sitenote_note":"","_monsterinsights_sitenote_category":0,"spay_email":"","footnotes":""},"class_list":["post-36","page","type-page","status-publish","hentry"],"_links":{"self":[{"href":"https:\/\/silvinoeducacional.com.br\/site\/wp-json\/wp\/v2\/pages\/36","targetHints":{"allow":["GET"]}}],"collection":[{"href":"https:\/\/silvinoeducacional.com.br\/site\/wp-json\/wp\/v2\/pages"}],"about":[{"href":"https:\/\/silvinoeducacional.com.br\/site\/wp-json\/wp\/v2\/types\/page"}],"author":[{"embeddable":true,"href":"https:\/\/silvinoeducacional.com.br\/site\/wp-json\/wp\/v2\/users\/1"}],"replies":[{"embeddable":true,"href":"https:\/\/silvinoeducacional.com.br\/site\/wp-json\/wp\/v2\/comments?post=36"}],"version-history":[{"count":2,"href":"https:\/\/silvinoeducacional.com.br\/site\/wp-json\/wp\/v2\/pages\/36\/revisions"}],"predecessor-version":[{"id":255,"href":"https:\/\/silvinoeducacional.com.br\/site\/wp-json\/wp\/v2\/pages\/36\/revisions\/255"}],"up":[{"embeddable":true,"href":"https:\/\/silvinoeducacional.com.br\/site\/wp-json\/wp\/v2\/pages\/18"}],"wp:attachment":[{"href":"https:\/\/silvinoeducacional.com.br\/site\/wp-json\/wp\/v2\/media?parent=36"}],"curies":[{"name":"wp","href":"https:\/\/api.w.org\/{rel}","templated":true}]}}