{"id":38,"date":"2022-03-11T17:21:46","date_gmt":"2022-03-11T20:21:46","guid":{"rendered":"https:\/\/silvinoeducacional.com.br\/site\/?page_id=38"},"modified":"2022-03-22T23:26:45","modified_gmt":"2022-03-23T02:26:45","slug":"cursos-de-extensao","status":"publish","type":"page","link":"https:\/\/silvinoeducacional.com.br\/site\/cursos-de-extensao\/","title":{"rendered":"Cursos de Extens\u00e3o"},"content":{"rendered":"\n<h1>\n\t\tCursos de Extens\u00e3o\n\t<\/h1>\n\t<p>A Silvino Educacional \u00e9 uma institui\u00e7\u00e3o de ensino superior localizada na cidade de S\u00e3o Lu\u00eds &#8211; MA. \u00c9 institui\u00e7\u00e3o de ensino parceira de unidades credenciadas pelo Minist\u00e9rio da Educa\u00e7\u00e3o &#8211; MEC, a institui\u00e7\u00e3o oferece Cursos de Extens\u00e3o como oportunidade de forma\u00e7\u00e3o de curta dura\u00e7\u00e3o, para complementar a gradua\u00e7\u00e3o com conte\u00fados relacionados ao curso, n\u00e3o sendo parte dele obrigatoriamente.<\/p>\n<p>Focada no aperfei\u00e7oamento, especializa\u00e7\u00e3o e aquisi\u00e7\u00e3o de conhecimento em novas \u00e1reas de forma\u00e7\u00e3o, a modalidade inclui atividades pr\u00e1ticas e acad\u00eamicas.<\/p>\n\t\t\t<a href=\"https:\/\/silvinoeducacional.com.br\/site\/inscreva-se\/\" target=\"_self\" role=\"button\" rel=\"noopener\">\n\t\t\t\t\t\t\tInscreva-se\n\t\t\t\t\t<\/a>\n\t\t\t\t<img loading=\"lazy\" decoding=\"async\" src=\"https:\/\/silvinoeducacional.com.br\/site\/wp-content\/uploads\/2022\/03\/atendimento_educacional.png\" alt=\"atendimento_educacional\" itemprop=\"image\" height=\"2500\" width=\"2758\" title=\"atendimento_educacional\" onerror=\"this.style.display='none'\"  \/>\n<h1>\n\t\tCursos de Extens\u00e3o\n\t<\/h1>\n\t\t\t\t<img loading=\"lazy\" decoding=\"async\" src=\"https:\/\/silvinoeducacional.com.br\/site\/wp-content\/uploads\/2022\/03\/pessoa_v3.png\" alt=\"pessoa_v3\" itemprop=\"image\" height=\"2500\" width=\"2122\" title=\"pessoa_v3\" onerror=\"this.style.display='none'\"  \/>\n\t\t\t\t<img loading=\"lazy\" decoding=\"async\" src=\"https:\/\/silvinoeducacional.com.br\/site\/wp-content\/uploads\/2022\/03\/logo_novo-300x300.png\" alt=\"logo_novo\" itemprop=\"image\" height=\"300\" width=\"300\" title=\"logo_novo\" onerror=\"this.style.display='none'\"  \/>\n\t<h6>Alavanque sua carreira!<\/h6>\n<h6>Venha para SILVINO EDUCACIONAL<\/h6>\n\n","protected":false},"excerpt":{"rendered":"<p>Cursos de Extens\u00e3o A Silvino Educacional \u00e9 uma institui\u00e7\u00e3o de ensino superior localizada na cidade de S\u00e3o Lu\u00eds &#8211; MA. \u00c9 institui\u00e7\u00e3o de ensino parceira de unidades credenciadas pelo Minist\u00e9rio da Educa\u00e7\u00e3o &#8211; MEC, a institui\u00e7\u00e3o oferece Cursos de Extens\u00e3o como oportunidade de forma\u00e7\u00e3o de curta dura\u00e7\u00e3o, para complementar a [&hellip;]<\/p>\n","protected":false},"author":1,"featured_media":0,"parent":0,"menu_order":0,"comment_status":"closed","ping_status":"closed","template":"page-templates\/template-pagebuilder-full-width.php","meta":{"_monsterinsights_skip_tracking":false,"_monsterinsights_sitenote_active":false,"_monsterinsights_sitenote_note":"","_monsterinsights_sitenote_category":0,"spay_email":"","footnotes":""},"class_list":["post-38","page","type-page","status-publish","hentry"],"_links":{"self":[{"href":"https:\/\/silvinoeducacional.com.br\/site\/wp-json\/wp\/v2\/pages\/38","targetHints":{"allow":["GET"]}}],"collection":[{"href":"https:\/\/silvinoeducacional.com.br\/site\/wp-json\/wp\/v2\/pages"}],"about":[{"href":"https:\/\/silvinoeducacional.com.br\/site\/wp-json\/wp\/v2\/types\/page"}],"author":[{"embeddable":true,"href":"https:\/\/silvinoeducacional.com.br\/site\/wp-json\/wp\/v2\/users\/1"}],"replies":[{"embeddable":true,"href":"https:\/\/silvinoeducacional.com.br\/site\/wp-json\/wp\/v2\/comments?post=38"}],"version-history":[{"count":2,"href":"https:\/\/silvinoeducacional.com.br\/site\/wp-json\/wp\/v2\/pages\/38\/revisions"}],"predecessor-version":[{"id":258,"href":"https:\/\/silvinoeducacional.com.br\/site\/wp-json\/wp\/v2\/pages\/38\/revisions\/258"}],"wp:attachment":[{"href":"https:\/\/silvinoeducacional.com.br\/site\/wp-json\/wp\/v2\/media?parent=38"}],"curies":[{"name":"wp","href":"https:\/\/api.w.org\/{rel}","templated":true}]}}