{"id":40,"date":"2022-03-11T17:22:15","date_gmt":"2022-03-11T20:22:15","guid":{"rendered":"https:\/\/silvinoeducacional.com.br\/site\/?page_id=40"},"modified":"2022-03-22T22:00:47","modified_gmt":"2022-03-23T01:00:47","slug":"libras-2","status":"publish","type":"page","link":"https:\/\/silvinoeducacional.com.br\/site\/cursos-de-extensao\/libras-2\/","title":{"rendered":"Libras"},"content":{"rendered":"\n<h1>\n\t\tLibras\n\t<\/h1>\n\t<p>Com o intuito de promover comunica\u00e7\u00e3o entre a popula\u00e7\u00e3o e a comunidade surda, o Centro de Ensino Superior Santa F\u00e9 realiza o Curso de Extens\u00e3o em L\u00edngua Brasileira de Sinais (Libras). M\u00f3dulos: B\u00e1sico, Intermedi\u00e1rio e Avan\u00e7ado.<\/p>\n<p>As vagas s\u00e3o limitadas e os interessados podem procurar a secretaria acad\u00eamica. No ato da inscri\u00e7\u00e3o \u00e9 necess\u00e1rio portar os seguintes documentos: RG, CPF, comprovante de resid\u00eancia e certificado do Ensino M\u00e9dio\/ Ensino Superior.<\/p>\n\t\t\t<a href=\"https:\/\/silvinoeducacional.com.br\/site\/inscreva-se\/\" target=\"_self\" role=\"button\" rel=\"noopener\">\n\t\t\t\t\t\t\tInscreva-se\n\t\t\t\t\t<\/a>\n\t\t\t\t<img loading=\"lazy\" decoding=\"async\" src=\"https:\/\/silvinoeducacional.com.br\/site\/wp-content\/uploads\/2022\/03\/atendimento_educacional.png\" alt=\"atendimento_educacional\" itemprop=\"image\" height=\"2500\" width=\"2758\" title=\"atendimento_educacional\" onerror=\"this.style.display='none'\"  \/>\n<h1>\n\t\tInforma\u00e7\u00f5es adicionais\n\t<\/h1>\n\t\t\t\t<img loading=\"lazy\" decoding=\"async\" src=\"https:\/\/silvinoeducacional.com.br\/site\/wp-content\/uploads\/2022\/03\/pessoa_v3.png\" alt=\"pessoa_v3\" itemprop=\"image\" height=\"2500\" width=\"2122\" title=\"pessoa_v3\" onerror=\"this.style.display='none'\"  \/>\n\t\t\t\t<img loading=\"lazy\" decoding=\"async\" src=\"https:\/\/silvinoeducacional.com.br\/site\/wp-content\/uploads\/2022\/03\/logo_novo-300x300.png\" alt=\"logo_novo\" itemprop=\"image\" height=\"300\" width=\"300\" title=\"logo_novo\" onerror=\"this.style.display='none'\"  \/>\n\t<h6>Alavanque sua carreira!<\/h6>\n<h6>Venha para SILVINO EDUCACIONAL<\/h6>\n\n","protected":false},"excerpt":{"rendered":"<p>Libras Com o intuito de promover comunica\u00e7\u00e3o entre a popula\u00e7\u00e3o e a comunidade surda, o Centro de Ensino Superior Santa F\u00e9 realiza o Curso de Extens\u00e3o em L\u00edngua Brasileira de Sinais (Libras). M\u00f3dulos: B\u00e1sico, Intermedi\u00e1rio e Avan\u00e7ado. As vagas s\u00e3o limitadas e os interessados podem procurar a secretaria acad\u00eamica. No [&hellip;]<\/p>\n","protected":false},"author":1,"featured_media":0,"parent":38,"menu_order":0,"comment_status":"closed","ping_status":"closed","template":"page-templates\/template-pagebuilder-full-width.php","meta":{"_monsterinsights_skip_tracking":false,"_monsterinsights_sitenote_active":false,"_monsterinsights_sitenote_note":"","_monsterinsights_sitenote_category":0,"spay_email":"","footnotes":""},"class_list":["post-40","page","type-page","status-publish","hentry"],"_links":{"self":[{"href":"https:\/\/silvinoeducacional.com.br\/site\/wp-json\/wp\/v2\/pages\/40","targetHints":{"allow":["GET"]}}],"collection":[{"href":"https:\/\/silvinoeducacional.com.br\/site\/wp-json\/wp\/v2\/pages"}],"about":[{"href":"https:\/\/silvinoeducacional.com.br\/site\/wp-json\/wp\/v2\/types\/page"}],"author":[{"embeddable":true,"href":"https:\/\/silvinoeducacional.com.br\/site\/wp-json\/wp\/v2\/users\/1"}],"replies":[{"embeddable":true,"href":"https:\/\/silvinoeducacional.com.br\/site\/wp-json\/wp\/v2\/comments?post=40"}],"version-history":[{"count":2,"href":"https:\/\/silvinoeducacional.com.br\/site\/wp-json\/wp\/v2\/pages\/40\/revisions"}],"predecessor-version":[{"id":254,"href":"https:\/\/silvinoeducacional.com.br\/site\/wp-json\/wp\/v2\/pages\/40\/revisions\/254"}],"up":[{"embeddable":true,"href":"https:\/\/silvinoeducacional.com.br\/site\/wp-json\/wp\/v2\/pages\/38"}],"wp:attachment":[{"href":"https:\/\/silvinoeducacional.com.br\/site\/wp-json\/wp\/v2\/media?parent=40"}],"curies":[{"name":"wp","href":"https:\/\/api.w.org\/{rel}","templated":true}]}}