{"id":42,"date":"2022-03-11T17:22:41","date_gmt":"2022-03-11T20:22:41","guid":{"rendered":"https:\/\/silvinoeducacional.com.br\/site\/?page_id=42"},"modified":"2022-03-11T23:59:28","modified_gmt":"2022-03-12T02:59:28","slug":"inscreva-se","status":"publish","type":"page","link":"https:\/\/silvinoeducacional.com.br\/site\/inscreva-se\/","title":{"rendered":"Inscreva-se"},"content":{"rendered":"\n\n\t<div class=\"caldera-grid\" id=\"caldera_form_1\" data-cf-ver=\"1.9.7\" data-cf-form-id=\"CF5f47cf523a422\"><div id=\"caldera_notices_1\" data-spinner=\"https:\/\/silvinoeducacional.com.br\/site\/wp-admin\/images\/spinner.gif\"><\/div><form data-instance=\"1\" class=\"CF5f47cf523a422 caldera_forms_form cfajax-trigger\" method=\"POST\" enctype=\"multipart\/form-data\" id=\"CF5f47cf523a422_1\" data-form-id=\"CF5f47cf523a422\" aria-label=\"Fale Conosco\" data-target=\"#caldera_notices_1\" data-template=\"#cfajax_CF5f47cf523a422-tmpl\" data-cfajax=\"CF5f47cf523a422\" data-load-element=\"_parent\" data-load-class=\"cf_processing\" data-post-disable=\"0\" data-action=\"cf_process_ajax_submit\" data-request=\"https:\/\/silvinoeducacional.com.br\/site\/cf-api\/CF5f47cf523a422\" data-hiderows=\"true\">\r\n<input type=\"hidden\" id=\"_cf_verify_CF5f47cf523a422\" name=\"_cf_verify\" value=\"da659f170a\"  data-nonce-time=\"1777038989\" \/><input type=\"hidden\" name=\"_wp_http_referer\" value=\"\/site\/wp-json\/wp\/v2\/pages\/42\" \/><div id=\"cf2-CF5f47cf523a422_1\"><\/div><input type=\"hidden\" name=\"_cf_frm_id\" value=\"CF5f47cf523a422\">\r\n<input type=\"hidden\" name=\"_cf_frm_ct\" value=\"1\">\r\n<input type=\"hidden\" name=\"cfajax\" value=\"CF5f47cf523a422\">\r\n<input type=\"hidden\" name=\"_cf_cr_pst\" value=\"42\">\r\n<div class=\"hide\" style=\"display:none; overflow:hidden;height:0;width:0;\">\r\n<label>Nome<\/label><input type=\"text\" name=\"name\" value=\"\" autocomplete=\"off\">\r\n<\/div><div id=\"CF5f47cf523a422_1-row-1\"  class=\"row  first_row\"><div  class=\"col-sm-12  single\"><div class=\"\"><p>Neste espa\u00e7o, a Silvino Educacional pretende tirar todas suas d\u00favidas e dos estudantes sobre qualquer quest\u00e3o.<\/p>\n<p>Mande sua mensagem, ela ser\u00e1 prontamente respondida por uma pessoa qualificada e a resposta ser\u00e1 enviada para seu endere\u00e7o eletr\u00f4nico e\/ou WhatsApp em quest\u00e3o de horas.<\/p>\n<\/div><\/div><\/div><div id=\"CF5f47cf523a422_1-row-2\"  class=\"row \"><div  class=\"col-sm-12  single\"><div data-field-wrapper=\"fld_8768091\" class=\"form-group\" id=\"fld_8768091_1-wrap\">\r\n\t<label id=\"fld_8768091Label\" for=\"fld_8768091_1\" class=\"control-label\">Nome p\/ contato <span aria-hidden=\"true\" role=\"presentation\" class=\"field_required\" style=\"color:#ee0000;\">*<\/span><\/label>\r\n\t<div class=\"\">\r\n\t\t<input   required type=\"text\" data-field=\"fld_8768091\" class=\" form-control\" id=\"fld_8768091_1\" name=\"fld_8768091\" value=\"\" data-type=\"text\" aria-required=\"true\"   aria-labelledby=\"fld_8768091Label\" >\t\t\t<\/div>\r\n<\/div>\r\n<\/div><\/div><div id=\"CF5f47cf523a422_1-row-3\"  class=\"row \"><div  class=\"col-sm-6  first_col\"><div data-field-wrapper=\"fld_883348\" class=\"form-group\" id=\"fld_883348_1-wrap\">\r\n\t<label id=\"fld_883348Label\" for=\"fld_883348_1\" class=\"control-label\">N\u00famero de contato <span aria-hidden=\"true\" role=\"presentation\" class=\"field_required\" style=\"color:#ee0000;\">*<\/span><\/label>\r\n\t<div class=\"\">\r\n\t\t<input  data-inputmask=\"'mask': '(99)99999-9999'\"  required type=\"phone\" data-field=\"fld_883348\" class=\" form-control\" id=\"fld_883348_1\" name=\"fld_883348\" value=\"\" data-type=\"phone\" aria-required=\"true\"   aria-labelledby=\"fld_883348Label\" >\t\t\t<\/div>\r\n<\/div>\r\n<\/div><div  class=\"col-sm-6  last_col\"><div data-field-wrapper=\"fld_6009157\" class=\"form-group\" id=\"fld_6009157_1-wrap\">\r\n\t<label id=\"fld_6009157Label\" for=\"fld_6009157_1\" class=\"control-label\">Endere\u00e7o de Email<\/label>\r\n\t<div class=\"\">\r\n\t\t<input    type=\"email\" data-field=\"fld_6009157\" class=\" form-control\" id=\"fld_6009157_1\" name=\"fld_6009157\" value=\"\" data-type=\"email\"   aria-labelledby=\"fld_6009157Label\" >\t\t\t<\/div>\r\n<\/div>\r\n<\/div><\/div><div id=\"CF5f47cf523a422_1-row-4\"  class=\"row \"><div  class=\"col-sm-12  single\"><div class=\"\"><p>Como posso ajud\u00e1-lo?<br \/>\nDescreva a seguir a sua d\u00favida em detalhes para que possa ajud\u00e1-lo.<\/p>\n<\/div><\/div><\/div><div id=\"CF5f47cf523a422_1-row-5\"  class=\"row \"><div  class=\"col-sm-12  single\"><div data-field-wrapper=\"fld_5481850\" class=\"form-group\" id=\"fld_5481850_1-wrap\">\r\n\t<label id=\"fld_5481850Label\" for=\"fld_5481850_1\" class=\"control-label\">Assunto <span aria-hidden=\"true\" role=\"presentation\" class=\"field_required\" style=\"color:#ee0000;\">*<\/span><\/label>\r\n\t<div class=\"\">\r\n\t\t<select name=\"fld_5481850\" value=\"\" data-field=\"fld_5481850\" class=\"form-control\" id=\"fld_5481850_1\"  required=\"required\"  aria-labelledby=\"fld_5481850Label\" >\n\t\t<option value=\"\"><\/option>\r\n\t\t\t\t\t<option value=\"Educa\u00e7\u00e3o Infantil\"  data-calc-value=\"Educa\u00e7\u00e3o Infantil\" >\n\t\t\t\t\t\tEduca\u00e7\u00e3o Infantil\t\t\t\t\t<\/option>\n\t\t\t\t\t\t\t\t\t\t<option value=\"Educa\u00e7\u00e3o Fundamental\"  data-calc-value=\"Educa\u00e7\u00e3o Fundamental\" >\n\t\t\t\t\t\tEduca\u00e7\u00e3o Fundamental\t\t\t\t\t<\/option>\n\t\t\t\t\t\t\t\t\t\t<option value=\"Ensino M\u00e9dio\"  data-calc-value=\"Ensino M\u00e9dio\" >\n\t\t\t\t\t\tEnsino M\u00e9dio\t\t\t\t\t<\/option>\n\t\t\t\t\t\t\t\t\t\t<option value=\"Gradua\u00e7\u00e3o\"  data-calc-value=\"Gradua\u00e7\u00e3o\" >\n\t\t\t\t\t\tGradua\u00e7\u00e3o\t\t\t\t\t<\/option>\n\t\t\t\t\t\t\t\t\t\t<option value=\"P\u00f3s-Gradua\u00e7\u00e3o\"  data-calc-value=\"P\u00f3s-Gradua\u00e7\u00e3o\" >\n\t\t\t\t\t\tP\u00f3s-Gradua\u00e7\u00e3o\t\t\t\t\t<\/option>\n\t\t\t\t\t\t\t\t\t\t<option value=\"Cursos de Extens\u00e3o\"  data-calc-value=\"Cursos de Extens\u00e3o\" >\n\t\t\t\t\t\tCursos de Extens\u00e3o\t\t\t\t\t<\/option>\n\t\t\t\t\t\t\t\t\t\t<option value=\"Outros\"  data-calc-value=\"Outros\" >\n\t\t\t\t\t\tOutros\t\t\t\t\t<\/option>\n\t\t\t\t\t\t\t<\/select>\n\t\t\t<\/div>\r\n<\/div>\r\n<\/div><\/div><div id=\"CF5f47cf523a422_1-row-6\"  class=\"row \"><div  class=\"col-sm-12  single\"><div data-field-wrapper=\"fld_7683514\" class=\"form-group\" id=\"fld_7683514_1-wrap\">\r\n\t<label id=\"fld_7683514Label\" for=\"fld_7683514_1\" class=\"control-label\">Coment\u00e1rios <span aria-hidden=\"true\" role=\"presentation\" class=\"field_required\" style=\"color:#ee0000;\">*<\/span><\/label>\r\n\t<div class=\"\">\r\n\t\t<textarea name=\"fld_7683514\" value=\"\" data-field=\"fld_7683514\" class=\"form-control\" id=\"fld_7683514_1\" rows=\"7\"  required=\"required\"  aria-labelledby=\"fld_7683514Label\" ><\/textarea>\n\t\t\t<\/div>\r\n<\/div>\r\n<\/div><\/div><div id=\"CF5f47cf523a422_1-row-7\"  class=\"row  last_row\"><div  class=\"col-sm-12  single\"><div data-field-wrapper=\"fld_7908577\" class=\"form-group\" id=\"fld_7908577_1-wrap\">\r\n<div class=\"\">\r\n\t<input  class=\"btn btn-default\" type=\"submit\" name=\"fld_7908577\" id=\"fld_7908577_1\" value=\"Enviar Mensagem\" data-field=\"fld_7908577\"  >\n<\/div>\r\n<\/div>\r\n\t<input class=\"button_trigger_1\" type=\"hidden\" name=\"fld_7908577\" id=\"fld_7908577_1_btn\" value=\"\" data-field=\"fld_7908577\"  \/>\n<\/div><\/div><\/form>\r\n<\/div>\r\n\n\n","protected":false},"excerpt":{"rendered":"","protected":false},"author":1,"featured_media":0,"parent":0,"menu_order":0,"comment_status":"closed","ping_status":"closed","template":"page-templates\/template-pagebuilder-full-width.php","meta":{"_monsterinsights_skip_tracking":false,"_monsterinsights_sitenote_active":false,"_monsterinsights_sitenote_note":"","_monsterinsights_sitenote_category":0,"spay_email":"","footnotes":""},"class_list":["post-42","page","type-page","status-publish","hentry"],"_links":{"self":[{"href":"https:\/\/silvinoeducacional.com.br\/site\/wp-json\/wp\/v2\/pages\/42","targetHints":{"allow":["GET"]}}],"collection":[{"href":"https:\/\/silvinoeducacional.com.br\/site\/wp-json\/wp\/v2\/pages"}],"about":[{"href":"https:\/\/silvinoeducacional.com.br\/site\/wp-json\/wp\/v2\/types\/page"}],"author":[{"embeddable":true,"href":"https:\/\/silvinoeducacional.com.br\/site\/wp-json\/wp\/v2\/users\/1"}],"replies":[{"embeddable":true,"href":"https:\/\/silvinoeducacional.com.br\/site\/wp-json\/wp\/v2\/comments?post=42"}],"version-history":[{"count":3,"href":"https:\/\/silvinoeducacional.com.br\/site\/wp-json\/wp\/v2\/pages\/42\/revisions"}],"predecessor-version":[{"id":121,"href":"https:\/\/silvinoeducacional.com.br\/site\/wp-json\/wp\/v2\/pages\/42\/revisions\/121"}],"wp:attachment":[{"href":"https:\/\/silvinoeducacional.com.br\/site\/wp-json\/wp\/v2\/media?parent=42"}],"curies":[{"name":"wp","href":"https:\/\/api.w.org\/{rel}","templated":true}]}}